{"id":756,"date":"2019-06-03T12:13:26","date_gmt":"2019-06-03T10:13:26","guid":{"rendered":"https:\/\/spiritsuisse.clients-compresso.ch\/fakten\/rechtliches\/"},"modified":"2025-07-23T17:13:47","modified_gmt":"2025-07-23T15:13:47","slug":"mentions-legales","status":"publish","type":"page","link":"https:\/\/spiritsuisse.ch\/fr\/faits\/mentions-legales\/","title":{"rendered":"Cadre l\u00e9gal"},"content":{"rendered":"\n<div style=\"height:25px\" aria-hidden=\"true\" class=\"wp-block-spacer\"><\/div>\n\n\n\n<div class=\"wp-block-file\"><a target=\"_blank\" href=\"https:\/\/spiritsuisse.ch\/wp-content\/uploads\/2019\/06\/RechtlicheSituation_Alkohol_DE.pdf\" rel=\"noopener noreferrer\">\u2193 Vue d\u2019ensemble de la situation juridique concernant les boissons alcoolis\u00e9es<\/a><\/div>\n\n\n\n<div style=\"height:25px\" aria-hidden=\"true\" class=\"wp-block-spacer\"><\/div>\n\n\n\n<p><strong>Lois<\/strong><br>En Suisse, le contr\u00f4le de la production, de l\u2019importation et du commerce li\u00e9 \u00e0 l\u2019alcool est r\u00e9gi par un certain nombre de lois et d\u2019ordonnances.<\/p>\n\n\n\n<ul class=\"wp-block-list\">\n<li><a aria-label=\"Loi f\u00e9d\u00e9rale sur l\u2019alcool (LAlc) \u2013 &nbsp;en cours de r\u00e9vision (\u00f6ffnet in neuem Tab)\" href=\"https:\/\/www.admin.ch\/opc\/fr\/classified-compilation\/19320035\/index.html\" target=\"_blank\" rel=\"noreferrer noopener\">Loi f\u00e9d\u00e9rale sur l\u2019alcool (LAlc) \u2013 &nbsp;en cours de r\u00e9vision<\/a><\/li>\n\n\n\n<li><a aria-label=\"Loi f\u00e9d\u00e9rale sur les denr\u00e9es alimentaires et les objets usuels (\u00f6ffnet in neuem Tab)\" href=\"https:\/\/www.admin.ch\/opc\/fr\/classified-compilation\/20101912\/index.html\" target=\"_blank\" rel=\"noreferrer noopener\">Loi f\u00e9d\u00e9rale sur les denr\u00e9es alimentaires et les objets usuels<\/a><\/li>\n\n\n\n<li><a aria-label=\"Ordonnance sur les denr\u00e9es alimentaires et les objets usuels (\u00f6ffnet in neuem Tab)\" href=\"https:\/\/www.admin.ch\/opc\/fr\/classified-compilation\/20143388\/index.html\" target=\"_blank\" rel=\"noreferrer noopener\">Ordonnance sur les denr\u00e9es alimentaires et les objets usuels<\/a><\/li>\n\n\n\n<li><a aria-label=\"Ordonnance du DFI sur les boissons (\u00f6ffnet in neuem Tab)\" href=\"https:\/\/www.admin.ch\/opc\/fr\/classified-compilation\/20143400\/index.html\" target=\"_blank\" rel=\"noreferrer noopener\">Ordonnance du DFI sur les boissons<\/a><\/li>\n\n\n\n<li><a aria-label=\"Ordonnance du DFI concernant l\u2019information sur les denr\u00e9es alimentaires (\u00f6ffnet in neuem Tab)\" href=\"https:\/\/www.admin.ch\/opc\/fr\/classified-compilation\/20143397\/index.html\" target=\"_blank\" rel=\"noreferrer noopener\">Ordonnance du DFI concernant l\u2019information sur les denr\u00e9es alimentaires<\/a><\/li>\n\n\n\n<li><a aria-label=\"Ordonnance sur l\u2019ex\u00e9cution de la l\u00e9gislation sur les denr\u00e9es alimentaires (\u00f6ffnet in neuem Tab)\" href=\"https:\/\/www.admin.ch\/opc\/fr\/classified-compilation\/20143389\/index.html\" target=\"_blank\" rel=\"noreferrer noopener\">Ordonnance sur l\u2019ex\u00e9cution de la l\u00e9gislation sur les denr\u00e9es alimentaires<\/a><\/li>\n\n\n\n<li><a aria-label=\"Ordonnance sur les d\u00e9clarations de quantit\u00e9 dans la vente en vrac et sur les pr\u00e9emballages (\u00f6ffnet in neuem Tab)\" href=\"https:\/\/www.admin.ch\/opc\/fr\/classified-compilation\/20120892\/index.html\" target=\"_blank\" rel=\"noreferrer noopener\">Ordonnance sur les d\u00e9clarations de quantit\u00e9 dans la vente en vrac et sur les pr\u00e9emballages<\/a><\/li>\n<\/ul>\n\n\n\n<p><\/p>\n\n\n\n<div style=\"height:25px\" aria-hidden=\"true\" class=\"wp-block-spacer\"><\/div>\n\n\n\n<div style=\"height:25px\" aria-hidden=\"true\" class=\"wp-block-spacer\"><\/div>\n\n\n\n<p><strong>Principes de fiscalit\u00e9 <\/strong><br> \u00c0 l\u2019art. 131 \u00ab Imp\u00f4ts \u00e0 la consommation sp\u00e9ciaux \u00bb de la Constitution f\u00e9d\u00e9rale suisse, il est stipul\u00e9 que les boissons distill\u00e9es et la bi\u00e8re sont tax\u00e9es. En revanche, le vin et le vin mousseux ne sont pas tax\u00e9s en Suisse.<\/p>\n\n\n\n<p>Les spiritueux, qu\u2019ils soient import\u00e9s ou de provenance suisse, sont tax\u00e9s au taux unique de CHF 29 par litre d\u2019alcool pur (LAP). Pour la bi\u00e8re, la taxe s\u2019\u00e9l\u00e8ve \u00e0 CHF 5,40 par LAP. L\u2019imp\u00f4t sur les spiritueux rapporte chaque ann\u00e9e 300 millions de francs \u00e0 la Conf\u00e9d\u00e9ration.<\/p>\n\n\n\n<div style=\"height:25px\" aria-hidden=\"true\" class=\"wp-block-spacer\"><\/div>\n\n\n\n<p><strong>\u00c0 quoi sert le produit de l\u2019imp\u00f4t?  <br><\/strong>L\u2019Administration f\u00e9d\u00e9rale des douanes (AFD) verse 90 % de son b\u00e9n\u00e9fice net \u00e0 l\u2019AVS et \u00e0 l\u2019AI. Les cantons re\u00e7oivent les 10 % restants, qui sont distribu\u00e9s en fonction de la population r\u00e9sidente. Les cantons sont tenus d\u2019employer leur part pour lutter contre l\u2019alcoolisme et les d\u00e9pendances. Ainsi, les taxes sur les spiritueux servent \u00e0 financer le travail de pr\u00e9vention d\u2019Addiction Suisse et d\u2019autres organisations.&nbsp; <\/p>\n\n\n\n<div style=\"height:25px\" aria-hidden=\"true\" class=\"wp-block-spacer\"><\/div>\n\n\n\n<p><strong>Imp\u00f4ts sur l\u2019alcool en comparaison europ\u00e9enne<\/strong><\/p>\n\n\n\n<div style=\"height:25px\" aria-hidden=\"true\" class=\"wp-block-spacer\"><\/div>\n\n\n\n<figure class=\"wp-block-table is-style-stripes\"><table class=\"has-background\" style=\"background-color:#f3f4f5\"><tbody><tr><td><strong>Pays<\/strong><\/td><td><strong>Imp\u00f4ts en euros par hl d\u2019alcool<\/strong><\/td><\/tr><tr><td>Su\u00e8de<\/td><td>4&rsquo;995<\/td><\/tr><tr><td>Finlande<\/td><td>4&rsquo;785<\/td><\/tr><tr><td>Irlande<\/td><td>4&rsquo;257<\/td><\/tr><tr><td>Royaume-Uni<\/td><td>3&rsquo;276<\/td><\/tr><tr><td>Gr\u00e8ce<\/td><td>2&rsquo;550<\/td><\/tr><tr><td>Estonie<\/td><td>2&rsquo;508<\/td><\/tr><tr><td><strong>Suisse<\/strong><\/td><td><strong>2&rsquo;462<\/strong><\/td><\/tr><tr><td>Danemark<\/td><td>2&rsquo;014<\/td><\/tr><tr><td>France<\/td><td>1&rsquo;741<\/td><\/tr><tr><td>Pays-Bas<\/td><td>1&rsquo;686<\/td><\/tr><tr><td>Lettonie<\/td><td>1&rsquo;670<\/td><\/tr><tr><td>Lituanie<\/td><td>1&rsquo;665<\/td><\/tr><tr><td>Malte<\/td><td>1&rsquo;400<\/td><\/tr><tr><td>Portugal<\/td><td>1&rsquo;387<\/td><\/tr><tr><td>Pologne<\/td><td>1&rsquo;331<\/td><\/tr><tr><td>Slov\u00e9nie<\/td><td>1&rsquo;320<\/td><\/tr><tr><td>Allemagne<\/td><td>1&rsquo;301<\/td><\/tr><tr><td>Autriche<\/td><td>1&rsquo;200<\/td><\/tr><tr><td>R\u00e9p. tch\u00e8que<\/td><td>1&rsquo;112<\/td><\/tr><tr><td>Slovaquie<\/td><td>1&rsquo;080<\/td><\/tr><tr><td>Hongrie<\/td><td>1&rsquo;052<\/td><\/tr><tr><td>Luxembourg<\/td><td>1&rsquo;041<\/td><\/tr><tr><td>Italie<\/td><td>1&rsquo;036<\/td><\/tr><tr><td>Espagne<\/td><td>959<\/td><\/tr><tr><td>Chypre<\/td><td>957<\/td><\/tr><tr><td>Croatie<\/td><td>717<\/td><\/tr><tr><td>Roumanie<\/td><td>713<\/td><\/tr><tr><td>Bulgarie<\/td><td>562<\/td><\/tr><\/tbody><\/table><\/figure>\n\n\n\n<div style=\"height:25px\" aria-hidden=\"true\" class=\"wp-block-spacer\"><\/div>\n\n\n\n<p><strong>Publicit\u00e9 pour l\u2019alcool en Suisse <\/strong> <br>En Suisse, la publicit\u00e9 pour les spiritueux est strictement limit\u00e9e. Elle est seulement autoris\u00e9e quand il y a un lien direct avec le produit. Autrement dit, la repr\u00e9sentation de personnes en train de consommer, de paysages et situations pr\u00e9sentant la consommation d\u2019alcool comme un \u00ab style de vie \u00bb est interdite.<\/p>\n\n\n\n<p>La publicit\u00e9 pour les boissons distill\u00e9es est interdite<\/p>\n\n\n\n<ul class=\"wp-block-list\">\n<li>\u00e0 la radio et \u00e0 la t\u00e9l\u00e9vision<\/li>\n\n\n\n<li>dans et sur les b\u00e2timents ou parties de b\u00e2timents et sites destin\u00e9s \u00e0 des usages publics<\/li>\n\n\n\n<li>dans et sur les infrastructures des transports publics<\/li>\n\n\n\n<li>sur les terrains de sport ainsi que lors de manifestations sportives<\/li>\n\n\n\n<li>lors de manifestations auxquelles participent des enfants et des adolescents ou qui sont organis\u00e9es principalement pour eux<\/li>\n\n\n\n<li>dans les commerces ou \u00e9tablissements qui vendent des m\u00e9dicaments ou dont l\u2019activit\u00e9 consiste principalement \u00e0 promouvoir la sant\u00e9<\/li>\n\n\n\n<li>sur les emballages et articles d\u2019usage quotidien qui ne contiennent pas de boissons distill\u00e9es ou n\u2019ont aucun rapport avec elles<\/li>\n<\/ul>\n\n\n\n<p>Dans le domaine des boissons distill\u00e9es, les pratiques publicitaires suivantes sont interdites :<\/p>\n\n\n\n<ul class=\"wp-block-list\">\n<li>comparaisons de prix<\/li>\n\n\n\n<li>promesse de cadeaux publicitaires ou d\u2019autres avantages<\/li>\n\n\n\n<li>jeux-concours et incitations \u00e0 l\u2019achat et la distribution de boissons<\/li>\n<\/ul>\n\n\n\n<p>La publicit\u00e9 en mati\u00e8re de spiritueux est r\u00e9gie par<\/p>\n\n\n\n<ul class=\"wp-block-list\">\n<li>la <a aria-label=\"Loi f\u00e9d\u00e9rale sur les boissons distill\u00e9es (\u00f6ffnet in neuem Tab)\" href=\"https:\/\/www.admin.ch\/opc\/fr\/classified-compilation\/19320035\/index.html\" target=\"_blank\" rel=\"noreferrer noopener\">Loi f\u00e9d\u00e9rale sur les boissons distill\u00e9es<\/a> (Loi f\u00e9d\u00e9rale sur l\u2019alcool \u2013 &nbsp;LAlc) art. 41 r\u00e9gissant le commerce et art.&nbsp;42b r\u00e9gissant la publicit\u00e9<\/li>\n\n\n\n<li>la Loi f\u00e9d\u00e9rale sur les denr\u00e9es alimentaires et les objets usuels (Loi sur les denr\u00e9es alimentaires \u2013 LDAl)&nbsp; (art. 14), qui autorise le Conseil f\u00e9d\u00e9ral \u00e0 limiter la publicit\u00e9 pour boissons alcoolis\u00e9es destin\u00e9e sp\u00e9cifiquement \u00e0 la jeunesse<\/li>\n\n\n\n<li>la Loi sur la radio et la t\u00e9l\u00e9vision (LRTV) (art. 10), qui interdit la publicit\u00e9 pour boissons alcoolis\u00e9es dans le cadre de ces m\u00e9dias<\/li>\n\n\n\n<li>l\u2019Ordonnance sur les denr\u00e9es alimentaires et les objets usuels (art. 42 et art. 43), qui traite des boissons ferment\u00e9es<\/li>\n\n\n\n<li>l\u2019Ordonnance du DFI sur les boissons<\/li>\n<\/ul>\n\n\n\n<p><\/p>\n","protected":false},"excerpt":{"rendered":"<p>\u2193 Vue d\u2019ensemble de la situation juridique concernant les boissons alcoolis\u00e9es LoisEn Suisse, le contr\u00f4le de la production, de l\u2019importation et du commerce li\u00e9 \u00e0 (&#8230;)<\/p>\n","protected":false},"author":1,"featured_media":0,"parent":752,"menu_order":0,"comment_status":"closed","ping_status":"closed","template":"","meta":{"_acf_changed":false,"_exactmetrics_skip_tracking":false,"_exactmetrics_sitenote_active":false,"_exactmetrics_sitenote_note":"","_exactmetrics_sitenote_category":0,"footnotes":""},"class_list":["post-756","page","type-page","status-publish","hentry"],"acf":[],"yoast_head":"<!-- This site is optimized with the Yoast SEO plugin v27.4 - https:\/\/yoast.com\/product\/yoast-seo-wordpress\/ -->\n<title>Situation juridique des boissons alcoolis\u00e9es en Suisse<\/title>\n<meta name=\"description\" content=\"En Suisse, le contr\u00f4le de la fabrication, de l\u2019importation et du commerce de spiritueux est r\u00e9gi par diff\u00e9rentes lois et ordonnances.\" \/>\n<meta name=\"robots\" content=\"index, follow, max-snippet:-1, max-image-preview:large, max-video-preview:-1\" \/>\n<link rel=\"canonical\" href=\"https:\/\/spiritsuisse.ch\/fr\/faits\/mentions-legales\/\" \/>\n<meta property=\"og:locale\" content=\"fr_FR\" \/>\n<meta property=\"og:type\" content=\"article\" \/>\n<meta property=\"og:title\" content=\"Situation juridique des boissons alcoolis\u00e9es en Suisse\" \/>\n<meta property=\"og:description\" content=\"En Suisse, le contr\u00f4le de la fabrication, de l\u2019importation et du commerce de spiritueux est r\u00e9gi par diff\u00e9rentes lois et ordonnances.\" \/>\n<meta property=\"og:url\" content=\"https:\/\/spiritsuisse.ch\/fr\/faits\/mentions-legales\/\" \/>\n<meta property=\"og:site_name\" content=\"SPIRITSUISSE\" \/>\n<meta property=\"article:modified_time\" content=\"2025-07-23T15:13:47+00:00\" \/>\n<meta name=\"twitter:card\" content=\"summary_large_image\" \/>\n<meta name=\"twitter:label1\" content=\"Dur\u00e9e de lecture estim\u00e9e\" \/>\n\t<meta name=\"twitter:data1\" content=\"4 minutes\" \/>\n<script type=\"application\/ld+json\" class=\"yoast-schema-graph\">{\"@context\":\"https:\\\/\\\/schema.org\",\"@graph\":[{\"@type\":\"WebPage\",\"@id\":\"https:\\\/\\\/spiritsuisse.ch\\\/fr\\\/faits\\\/mentions-legales\\\/\",\"url\":\"https:\\\/\\\/spiritsuisse.ch\\\/fr\\\/faits\\\/mentions-legales\\\/\",\"name\":\"Situation juridique des boissons alcoolis\u00e9es en Suisse\",\"isPartOf\":{\"@id\":\"https:\\\/\\\/spiritsuisse.ch\\\/fr\\\/#website\"},\"datePublished\":\"2019-06-03T10:13:26+00:00\",\"dateModified\":\"2025-07-23T15:13:47+00:00\",\"description\":\"En Suisse, le contr\u00f4le de la fabrication, de l\u2019importation et du commerce de spiritueux est r\u00e9gi par diff\u00e9rentes lois et ordonnances.\",\"breadcrumb\":{\"@id\":\"https:\\\/\\\/spiritsuisse.ch\\\/fr\\\/faits\\\/mentions-legales\\\/#breadcrumb\"},\"inLanguage\":\"fr-FR\",\"potentialAction\":[{\"@type\":\"ReadAction\",\"target\":[\"https:\\\/\\\/spiritsuisse.ch\\\/fr\\\/faits\\\/mentions-legales\\\/\"]}]},{\"@type\":\"BreadcrumbList\",\"@id\":\"https:\\\/\\\/spiritsuisse.ch\\\/fr\\\/faits\\\/mentions-legales\\\/#breadcrumb\",\"itemListElement\":[{\"@type\":\"ListItem\",\"position\":1,\"name\":\"Startseite\",\"item\":\"https:\\\/\\\/spiritsuisse.ch\\\/fr\\\/\"},{\"@type\":\"ListItem\",\"position\":2,\"name\":\"Faits\",\"item\":\"https:\\\/\\\/spiritsuisse.ch\\\/fr\\\/faits\\\/\"},{\"@type\":\"ListItem\",\"position\":3,\"name\":\"Cadre l\u00e9gal\"}]},{\"@type\":\"WebSite\",\"@id\":\"https:\\\/\\\/spiritsuisse.ch\\\/fr\\\/#website\",\"url\":\"https:\\\/\\\/spiritsuisse.ch\\\/fr\\\/\",\"name\":\"SPIRITSUISSE\",\"description\":\"\",\"publisher\":{\"@id\":\"https:\\\/\\\/spiritsuisse.ch\\\/fr\\\/#organization\"},\"potentialAction\":[{\"@type\":\"SearchAction\",\"target\":{\"@type\":\"EntryPoint\",\"urlTemplate\":\"https:\\\/\\\/spiritsuisse.ch\\\/fr\\\/?s={search_term_string}\"},\"query-input\":{\"@type\":\"PropertyValueSpecification\",\"valueRequired\":true,\"valueName\":\"search_term_string\"}}],\"inLanguage\":\"fr-FR\"},{\"@type\":\"Organization\",\"@id\":\"https:\\\/\\\/spiritsuisse.ch\\\/fr\\\/#organization\",\"name\":\"Dettling & Marmot\",\"url\":\"https:\\\/\\\/spiritsuisse.ch\\\/fr\\\/\",\"logo\":{\"@type\":\"ImageObject\",\"inLanguage\":\"fr-FR\",\"@id\":\"https:\\\/\\\/spiritsuisse.ch\\\/fr\\\/#\\\/schema\\\/logo\\\/image\\\/\",\"url\":\"https:\\\/\\\/spiritsuisse.ch\\\/wp-content\\\/uploads\\\/2019\\\/05\\\/DettlingMarmot_255x170.png\",\"contentUrl\":\"https:\\\/\\\/spiritsuisse.ch\\\/wp-content\\\/uploads\\\/2019\\\/05\\\/DettlingMarmot_255x170.png\",\"width\":255,\"height\":170,\"caption\":\"Dettling & Marmot\"},\"image\":{\"@id\":\"https:\\\/\\\/spiritsuisse.ch\\\/fr\\\/#\\\/schema\\\/logo\\\/image\\\/\"}}]}<\/script>\n<!-- \/ Yoast SEO plugin. -->","yoast_head_json":{"title":"Situation juridique des boissons alcoolis\u00e9es en Suisse","description":"En Suisse, le contr\u00f4le de la fabrication, de l\u2019importation et du commerce de spiritueux est r\u00e9gi par diff\u00e9rentes lois et ordonnances.","robots":{"index":"index","follow":"follow","max-snippet":"max-snippet:-1","max-image-preview":"max-image-preview:large","max-video-preview":"max-video-preview:-1"},"canonical":"https:\/\/spiritsuisse.ch\/fr\/faits\/mentions-legales\/","og_locale":"fr_FR","og_type":"article","og_title":"Situation juridique des boissons alcoolis\u00e9es en Suisse","og_description":"En Suisse, le contr\u00f4le de la fabrication, de l\u2019importation et du commerce de spiritueux est r\u00e9gi par diff\u00e9rentes lois et ordonnances.","og_url":"https:\/\/spiritsuisse.ch\/fr\/faits\/mentions-legales\/","og_site_name":"SPIRITSUISSE","article_modified_time":"2025-07-23T15:13:47+00:00","twitter_card":"summary_large_image","twitter_misc":{"Dur\u00e9e de lecture estim\u00e9e":"4 minutes"},"schema":{"@context":"https:\/\/schema.org","@graph":[{"@type":"WebPage","@id":"https:\/\/spiritsuisse.ch\/fr\/faits\/mentions-legales\/","url":"https:\/\/spiritsuisse.ch\/fr\/faits\/mentions-legales\/","name":"Situation juridique des boissons alcoolis\u00e9es en Suisse","isPartOf":{"@id":"https:\/\/spiritsuisse.ch\/fr\/#website"},"datePublished":"2019-06-03T10:13:26+00:00","dateModified":"2025-07-23T15:13:47+00:00","description":"En Suisse, le contr\u00f4le de la fabrication, de l\u2019importation et du commerce de spiritueux est r\u00e9gi par diff\u00e9rentes lois et ordonnances.","breadcrumb":{"@id":"https:\/\/spiritsuisse.ch\/fr\/faits\/mentions-legales\/#breadcrumb"},"inLanguage":"fr-FR","potentialAction":[{"@type":"ReadAction","target":["https:\/\/spiritsuisse.ch\/fr\/faits\/mentions-legales\/"]}]},{"@type":"BreadcrumbList","@id":"https:\/\/spiritsuisse.ch\/fr\/faits\/mentions-legales\/#breadcrumb","itemListElement":[{"@type":"ListItem","position":1,"name":"Startseite","item":"https:\/\/spiritsuisse.ch\/fr\/"},{"@type":"ListItem","position":2,"name":"Faits","item":"https:\/\/spiritsuisse.ch\/fr\/faits\/"},{"@type":"ListItem","position":3,"name":"Cadre l\u00e9gal"}]},{"@type":"WebSite","@id":"https:\/\/spiritsuisse.ch\/fr\/#website","url":"https:\/\/spiritsuisse.ch\/fr\/","name":"SPIRITSUISSE","description":"","publisher":{"@id":"https:\/\/spiritsuisse.ch\/fr\/#organization"},"potentialAction":[{"@type":"SearchAction","target":{"@type":"EntryPoint","urlTemplate":"https:\/\/spiritsuisse.ch\/fr\/?s={search_term_string}"},"query-input":{"@type":"PropertyValueSpecification","valueRequired":true,"valueName":"search_term_string"}}],"inLanguage":"fr-FR"},{"@type":"Organization","@id":"https:\/\/spiritsuisse.ch\/fr\/#organization","name":"Dettling & Marmot","url":"https:\/\/spiritsuisse.ch\/fr\/","logo":{"@type":"ImageObject","inLanguage":"fr-FR","@id":"https:\/\/spiritsuisse.ch\/fr\/#\/schema\/logo\/image\/","url":"https:\/\/spiritsuisse.ch\/wp-content\/uploads\/2019\/05\/DettlingMarmot_255x170.png","contentUrl":"https:\/\/spiritsuisse.ch\/wp-content\/uploads\/2019\/05\/DettlingMarmot_255x170.png","width":255,"height":170,"caption":"Dettling & Marmot"},"image":{"@id":"https:\/\/spiritsuisse.ch\/fr\/#\/schema\/logo\/image\/"}}]}},"_links":{"self":[{"href":"https:\/\/spiritsuisse.ch\/fr\/wp-json\/wp\/v2\/pages\/756","targetHints":{"allow":["GET"]}}],"collection":[{"href":"https:\/\/spiritsuisse.ch\/fr\/wp-json\/wp\/v2\/pages"}],"about":[{"href":"https:\/\/spiritsuisse.ch\/fr\/wp-json\/wp\/v2\/types\/page"}],"author":[{"embeddable":true,"href":"https:\/\/spiritsuisse.ch\/fr\/wp-json\/wp\/v2\/users\/1"}],"replies":[{"embeddable":true,"href":"https:\/\/spiritsuisse.ch\/fr\/wp-json\/wp\/v2\/comments?post=756"}],"version-history":[{"count":5,"href":"https:\/\/spiritsuisse.ch\/fr\/wp-json\/wp\/v2\/pages\/756\/revisions"}],"predecessor-version":[{"id":1906,"href":"https:\/\/spiritsuisse.ch\/fr\/wp-json\/wp\/v2\/pages\/756\/revisions\/1906"}],"up":[{"embeddable":true,"href":"https:\/\/spiritsuisse.ch\/fr\/wp-json\/wp\/v2\/pages\/752"}],"wp:attachment":[{"href":"https:\/\/spiritsuisse.ch\/fr\/wp-json\/wp\/v2\/media?parent=756"}],"curies":[{"name":"wp","href":"https:\/\/api.w.org\/{rel}","templated":true}]}}