{"id":754,"date":"2019-06-03T10:47:58","date_gmt":"2019-06-03T08:47:58","guid":{"rendered":"https:\/\/spiritsuisse.clients-compresso.ch\/fakten\/marktdaten\/"},"modified":"2019-10-14T16:03:04","modified_gmt":"2019-10-14T14:03:04","slug":"donnees-de-marche","status":"publish","type":"page","link":"https:\/\/spiritsuisse.ch\/fr\/faits\/donnees-de-marche\/","title":{"rendered":"Donn\u00e9es de march\u00e9"},"content":{"rendered":"\n<div style=\"height:25px\" aria-hidden=\"true\" class=\"wp-block-spacer\"><\/div>\n\n\n\n<p><strong>Consommation d\u2019alcool en Suisse<\/strong><\/p>\n\n\n\n<p>Depuis la fin des ann\u00e9es 2000, la consommation d\u2019alcool en Suisse diminue l\u00e9g\u00e8rement chaque ann\u00e9e et se situe actuellement en dessous de 8 litres d\u2019alcool pur par an et par personne. En 1900, elle \u00e9tait encore de 17 litres.<\/p>\n\n\n\n<p>Avec 1,5 litre d\u2019alcool pur par habitant et par an, la consommation de spiritueux repr\u00e9sente seulement 19 % de la consommation totale d\u2019alcool. Ce chiffre est stable depuis quelques ann\u00e9es.<\/p>\n\n\n\n<div style=\"height:25px\" aria-hidden=\"true\" class=\"wp-block-spacer\"><\/div>\n\n\n\n<table class=\"wp-block-table is-style-stripes\"><tbody><tr><td><\/td><td><strong>En litres<\/strong><\/td><td><strong>En litres d\u2019alcool pur<\/strong><\/td><td> <strong>En litres d\u2019alcool pur<\/strong>, <strong>Part en % sur 100 <\/strong><\/td><\/tr><tr><td>Vin<\/td><td>33.1<\/td><td>3.6<\/td><td>46<\/td><\/tr><tr><td>Cidre<\/td><td>1.7<\/td><td>0.1<\/td><td>1<\/td><\/tr><tr><td>Bi\u00e8re<\/td><td>55.1<\/td><td>2.6<\/td><td>33<\/td><\/tr><tr><td>Spiritueux<\/td><td>3.6<\/td><td>1.5<\/td><td>20<\/td><\/tr><\/tbody><\/table>\n\n\n\n<p>Source : Administration f\u00e9d\u00e9rale des douanes (AFD), ann\u00e9e 2017<\/p>\n\n\n\n<div style=\"height:25px\" aria-hidden=\"true\" class=\"wp-block-spacer\"><\/div>\n\n\n\n<p><a href=\"https:\/\/www.ezv.admin.ch\/ezv\/fr\/home\/themes\/alcohol.html\">Statistique de l\u2019Administration f\u00e9d\u00e9rale des douanes (AFD)<\/a><\/p>\n\n\n\n<div style=\"height:25px\" aria-hidden=\"true\" class=\"wp-block-spacer\"><\/div>\n\n\n\n<p><strong>Consommation de spiritueux en Europe<\/strong><br>En comparaison europ\u00e9enne, la consommation par habitant en Suisse se situe au 34e rang parmi les 45 pays \u00e9tudi\u00e9s.<\/p>\n\n\n\n<div style=\"height:25px\" aria-hidden=\"true\" class=\"wp-block-spacer\"><\/div>\n\n\n\n<p><strong>Consommation de spiritueux en Europe 2016<br><\/strong>(consommation en litres par habitant)<\/p>\n\n\n\n<table class=\"wp-block-table is-style-stripes\"><tbody><tr><td><\/td><td><strong>Pays<\/strong><\/td><td><strong>Litres \/ Habitant<\/strong><\/td><\/tr><tr><td>1.<\/td><td>F\u00e9d\u00e9ration de Russie<\/td><td>15,5<\/td><\/tr><tr><td>2.<\/td><td>Estonie<\/td><td>12,8<\/td><\/tr><tr><td>3.<\/td><td>Bulgarie<\/td><td>11,3<\/td><\/tr><tr><td>4.<\/td><td>Bi\u00e9lorussie<\/td><td>11,1<\/td><\/tr><tr><td>5.<\/td><td>Lituanie<\/td><td>9,7<\/td><\/tr><tr><td>6.<\/td><td>Lettonie<\/td><td>9,1<\/td><\/tr><tr><td>7.<\/td><td>Slovaquie<\/td><td>8,2<\/td><\/tr><tr><td>8.<\/td><td>Ukraine<\/td><td>8,1<\/td><\/tr><tr><td>9.<\/td><td>Pologne<\/td><td>7,2<\/td><\/tr><tr><td>10.<\/td><td>Serbie<\/td><td>6,8<\/td><\/tr><tr><td>11.<\/td><td>Moldavie<\/td><td>6,8<\/td><\/tr><tr><td>12.<\/td><td>Kazakhstan<\/td><td>6,7<\/td><\/tr><tr><td>13.<\/td><td>Mont\u00e9n\u00e9gro<\/td><td>6,2<\/td><\/tr><tr><td>14.<\/td><td>R\u00e9publique tch\u00e8que<\/td><td>6,1<\/td><\/tr><tr><td>15.<\/td><td>Arm\u00e9nie<\/td><td>6,0<\/td><\/tr><tr><td>16.<\/td><td>Malte<\/td><td>5,8<\/td><\/tr><tr><td>17.<\/td><td>Hongrie<\/td><td>5,6<\/td><\/tr><tr><td>18.<\/td><td>France<\/td><td>5,1<\/td><\/tr><tr><td>19.<\/td><td>Allemagne<\/td><td>5,1<\/td><\/tr><tr><td>20.<\/td><td>Roumanie<\/td><td>5,0<\/td><\/tr><tr><td>21.<\/td><td>G\u00e9orgie<\/td><td>4,5<\/td><\/tr><tr><td>22.<\/td><td>Royaume-Uni<\/td><td>4,5<\/td><\/tr><tr><td>23.<\/td><td>Finlande<\/td><td>4,4<\/td><\/tr><tr><td>24.<\/td><td>Chypre<\/td><td>4,4<\/td><\/tr><tr><td>25.<\/td><td>Irlande<\/td><td>3,9<\/td><\/tr><tr><td>26.<\/td><td>Albanie<\/td><td>3,9<\/td><\/tr><tr><td>27.<\/td><td>Espagne<\/td><td>3,8<\/td><\/tr><tr><td>28.<\/td><td>Croatie<\/td><td>3,7<\/td><\/tr><tr><td>29.<\/td><td>Danemark<\/td><td>3,6<\/td><\/tr><tr><td>30.<\/td><td>Pays-Bas<\/td><td>3,4<\/td><\/tr><tr><td>31.<\/td><td>Belgique \/ Luxembourg<\/td><td>3,3<\/td><\/tr><tr><td>32.<\/td><td>Gr\u00e8ce<\/td><td>3,3<\/td><\/tr><tr><td>33.<\/td><td>Autriche<\/td><td>3,2<\/td><\/tr><tr style=\"background:#121212; color:white;\"><td>34.<\/td><td>Suisse<\/td><td>2,8<\/td><\/tr><tr><td>35.<\/td><td>Slov\u00e9nie<\/td><td>2,4<\/td><\/tr><tr><td>36.<\/td><td>Norv\u00e8ge<\/td><td>2,4<\/td><\/tr><tr><td>37.<\/td><td>Portugal<\/td><td>2,2<\/td><\/tr><tr><td>38.<\/td><td>Su\u00e8de<\/td><td>2,2<\/td><\/tr><tr><td>39.<\/td><td>Italie<\/td><td>2,0<\/td><\/tr><tr><td>40.<\/td><td>Kosovo<\/td><td>2,0<\/td><\/tr><tr><td>41.<\/td><td>Islande<\/td><td>1,9<\/td><\/tr><tr><td>42.<\/td><td>Mac\u00e9doine<\/td><td>1,9<\/td><\/tr><tr><td>43.<\/td><td>Bosnie-et-Herz\u00e9govine<\/td><td>1,4<\/td><\/tr><tr><td>44.<\/td><td>Azerba\u00efdjan<\/td><td>1,4<\/td><\/tr><tr><td>45.<\/td><td>Turquie<\/td><td>0,7<\/td><\/tr><\/tbody><\/table>\n\n\n\n<p>Source&nbsp;: Magazine IWSR,\nann\u00e9e 2016<\/p>\n\n\n\n<div style=\"height:25px\" aria-hidden=\"true\" class=\"wp-block-spacer\"><\/div>\n\n\n\n<p><strong>Le march\u00e9 suisse des spiritueux <\/strong><br>Le march\u00e9 suisse des spiritueux est stable depuis plus de dix ans. La consommation totale se situe \u00e0 quelque 122\u2019900&nbsp;hl, dont 20&nbsp;% de production nationale, le solde \u00e9tant import\u00e9.<\/p>\n\n\n\n<p>Parmi les spiritueux\nimport\u00e9s, le whisky occupe la premi\u00e8re place. Il repr\u00e9sente 21&nbsp;% de\nl\u2019ensemble des importations. Viennent ensuite les liqueurs (18&nbsp;%), la vodka\n(16&nbsp;%), le rhum (8,5&nbsp;%) et le gin (7,1&nbsp;%). <\/p>\n\n\n\n<p>Source&nbsp;:\nAdministration f\u00e9d\u00e9rale des douanes, ann\u00e9e 2017<\/p>\n\n\n\n<div style=\"height:20px\" aria-hidden=\"true\" class=\"wp-block-spacer\"><\/div>\n","protected":false},"excerpt":{"rendered":"<p>Consommation d\u2019alcool en Suisse Depuis la fin des ann\u00e9es 2000, la consommation d\u2019alcool en Suisse diminue l\u00e9g\u00e8rement chaque ann\u00e9e et se situe actuellement en dessous (&#8230;)<\/p>\n","protected":false},"author":1,"featured_media":0,"parent":752,"menu_order":0,"comment_status":"closed","ping_status":"closed","template":"","meta":{"_acf_changed":false,"_exactmetrics_skip_tracking":false,"_exactmetrics_sitenote_active":false,"_exactmetrics_sitenote_note":"","_exactmetrics_sitenote_category":0,"footnotes":""},"class_list":["post-754","page","type-page","status-publish","hentry"],"acf":[],"yoast_head":"<!-- This site is optimized with the Yoast SEO plugin v27.4 - https:\/\/yoast.com\/product\/yoast-seo-wordpress\/ -->\n<title>Donn\u00e9es de march\u00e9 sur la consommation d\u2019alcool et de spiritueux<\/title>\n<meta name=\"description\" content=\"Depuis la fin des ann\u00e9es 2000, la consommation d\u2019alcool en Suisse diminue l\u00e9g\u00e8rement chaque ann\u00e9e et se situe actuellement en dessous de 8 litres d\u2019alcool pur par an et par personne.\" \/>\n<meta name=\"robots\" content=\"index, follow, max-snippet:-1, max-image-preview:large, max-video-preview:-1\" \/>\n<link rel=\"canonical\" href=\"https:\/\/spiritsuisse.ch\/fr\/faits\/donnees-de-marche\/\" \/>\n<meta property=\"og:locale\" content=\"fr_FR\" \/>\n<meta property=\"og:type\" content=\"article\" \/>\n<meta property=\"og:title\" content=\"Donn\u00e9es de march\u00e9 sur la consommation d\u2019alcool et de spiritueux\" \/>\n<meta property=\"og:description\" content=\"Depuis la fin des ann\u00e9es 2000, la consommation d\u2019alcool en Suisse diminue l\u00e9g\u00e8rement chaque ann\u00e9e et se situe actuellement en dessous de 8 litres d\u2019alcool pur par an et par personne.\" \/>\n<meta property=\"og:url\" content=\"https:\/\/spiritsuisse.ch\/fr\/faits\/donnees-de-marche\/\" \/>\n<meta property=\"og:site_name\" content=\"SPIRITSUISSE\" \/>\n<meta property=\"article:modified_time\" content=\"2019-10-14T14:03:04+00:00\" \/>\n<meta name=\"twitter:card\" content=\"summary_large_image\" \/>\n<meta name=\"twitter:label1\" content=\"Dur\u00e9e de lecture estim\u00e9e\" \/>\n\t<meta name=\"twitter:data1\" content=\"2 minutes\" \/>\n<script type=\"application\/ld+json\" class=\"yoast-schema-graph\">{\"@context\":\"https:\\\/\\\/schema.org\",\"@graph\":[{\"@type\":\"WebPage\",\"@id\":\"https:\\\/\\\/spiritsuisse.ch\\\/fr\\\/faits\\\/donnees-de-marche\\\/\",\"url\":\"https:\\\/\\\/spiritsuisse.ch\\\/fr\\\/faits\\\/donnees-de-marche\\\/\",\"name\":\"Donn\u00e9es de march\u00e9 sur la consommation d\u2019alcool et de spiritueux\",\"isPartOf\":{\"@id\":\"https:\\\/\\\/spiritsuisse.ch\\\/fr\\\/#website\"},\"datePublished\":\"2019-06-03T08:47:58+00:00\",\"dateModified\":\"2019-10-14T14:03:04+00:00\",\"description\":\"Depuis la fin des ann\u00e9es 2000, la consommation d\u2019alcool en Suisse diminue l\u00e9g\u00e8rement chaque ann\u00e9e et se situe actuellement en dessous de 8 litres d\u2019alcool pur par an et par personne.\",\"breadcrumb\":{\"@id\":\"https:\\\/\\\/spiritsuisse.ch\\\/fr\\\/faits\\\/donnees-de-marche\\\/#breadcrumb\"},\"inLanguage\":\"fr-FR\",\"potentialAction\":[{\"@type\":\"ReadAction\",\"target\":[\"https:\\\/\\\/spiritsuisse.ch\\\/fr\\\/faits\\\/donnees-de-marche\\\/\"]}]},{\"@type\":\"BreadcrumbList\",\"@id\":\"https:\\\/\\\/spiritsuisse.ch\\\/fr\\\/faits\\\/donnees-de-marche\\\/#breadcrumb\",\"itemListElement\":[{\"@type\":\"ListItem\",\"position\":1,\"name\":\"Startseite\",\"item\":\"https:\\\/\\\/spiritsuisse.ch\\\/fr\\\/\"},{\"@type\":\"ListItem\",\"position\":2,\"name\":\"Faits\",\"item\":\"https:\\\/\\\/spiritsuisse.ch\\\/fr\\\/faits\\\/\"},{\"@type\":\"ListItem\",\"position\":3,\"name\":\"Donn\u00e9es de march\u00e9\"}]},{\"@type\":\"WebSite\",\"@id\":\"https:\\\/\\\/spiritsuisse.ch\\\/fr\\\/#website\",\"url\":\"https:\\\/\\\/spiritsuisse.ch\\\/fr\\\/\",\"name\":\"SPIRITSUISSE\",\"description\":\"\",\"publisher\":{\"@id\":\"https:\\\/\\\/spiritsuisse.ch\\\/fr\\\/#organization\"},\"potentialAction\":[{\"@type\":\"SearchAction\",\"target\":{\"@type\":\"EntryPoint\",\"urlTemplate\":\"https:\\\/\\\/spiritsuisse.ch\\\/fr\\\/?s={search_term_string}\"},\"query-input\":{\"@type\":\"PropertyValueSpecification\",\"valueRequired\":true,\"valueName\":\"search_term_string\"}}],\"inLanguage\":\"fr-FR\"},{\"@type\":\"Organization\",\"@id\":\"https:\\\/\\\/spiritsuisse.ch\\\/fr\\\/#organization\",\"name\":\"Dettling & Marmot\",\"url\":\"https:\\\/\\\/spiritsuisse.ch\\\/fr\\\/\",\"logo\":{\"@type\":\"ImageObject\",\"inLanguage\":\"fr-FR\",\"@id\":\"https:\\\/\\\/spiritsuisse.ch\\\/fr\\\/#\\\/schema\\\/logo\\\/image\\\/\",\"url\":\"https:\\\/\\\/spiritsuisse.ch\\\/wp-content\\\/uploads\\\/2019\\\/05\\\/DettlingMarmot_255x170.png\",\"contentUrl\":\"https:\\\/\\\/spiritsuisse.ch\\\/wp-content\\\/uploads\\\/2019\\\/05\\\/DettlingMarmot_255x170.png\",\"width\":255,\"height\":170,\"caption\":\"Dettling & Marmot\"},\"image\":{\"@id\":\"https:\\\/\\\/spiritsuisse.ch\\\/fr\\\/#\\\/schema\\\/logo\\\/image\\\/\"}}]}<\/script>\n<!-- \/ Yoast SEO plugin. -->","yoast_head_json":{"title":"Donn\u00e9es de march\u00e9 sur la consommation d\u2019alcool et de spiritueux","description":"Depuis la fin des ann\u00e9es 2000, la consommation d\u2019alcool en Suisse diminue l\u00e9g\u00e8rement chaque ann\u00e9e et se situe actuellement en dessous de 8 litres d\u2019alcool pur par an et par personne.","robots":{"index":"index","follow":"follow","max-snippet":"max-snippet:-1","max-image-preview":"max-image-preview:large","max-video-preview":"max-video-preview:-1"},"canonical":"https:\/\/spiritsuisse.ch\/fr\/faits\/donnees-de-marche\/","og_locale":"fr_FR","og_type":"article","og_title":"Donn\u00e9es de march\u00e9 sur la consommation d\u2019alcool et de spiritueux","og_description":"Depuis la fin des ann\u00e9es 2000, la consommation d\u2019alcool en Suisse diminue l\u00e9g\u00e8rement chaque ann\u00e9e et se situe actuellement en dessous de 8 litres d\u2019alcool pur par an et par personne.","og_url":"https:\/\/spiritsuisse.ch\/fr\/faits\/donnees-de-marche\/","og_site_name":"SPIRITSUISSE","article_modified_time":"2019-10-14T14:03:04+00:00","twitter_card":"summary_large_image","twitter_misc":{"Dur\u00e9e de lecture estim\u00e9e":"2 minutes"},"schema":{"@context":"https:\/\/schema.org","@graph":[{"@type":"WebPage","@id":"https:\/\/spiritsuisse.ch\/fr\/faits\/donnees-de-marche\/","url":"https:\/\/spiritsuisse.ch\/fr\/faits\/donnees-de-marche\/","name":"Donn\u00e9es de march\u00e9 sur la consommation d\u2019alcool et de spiritueux","isPartOf":{"@id":"https:\/\/spiritsuisse.ch\/fr\/#website"},"datePublished":"2019-06-03T08:47:58+00:00","dateModified":"2019-10-14T14:03:04+00:00","description":"Depuis la fin des ann\u00e9es 2000, la consommation d\u2019alcool en Suisse diminue l\u00e9g\u00e8rement chaque ann\u00e9e et se situe actuellement en dessous de 8 litres d\u2019alcool pur par an et par personne.","breadcrumb":{"@id":"https:\/\/spiritsuisse.ch\/fr\/faits\/donnees-de-marche\/#breadcrumb"},"inLanguage":"fr-FR","potentialAction":[{"@type":"ReadAction","target":["https:\/\/spiritsuisse.ch\/fr\/faits\/donnees-de-marche\/"]}]},{"@type":"BreadcrumbList","@id":"https:\/\/spiritsuisse.ch\/fr\/faits\/donnees-de-marche\/#breadcrumb","itemListElement":[{"@type":"ListItem","position":1,"name":"Startseite","item":"https:\/\/spiritsuisse.ch\/fr\/"},{"@type":"ListItem","position":2,"name":"Faits","item":"https:\/\/spiritsuisse.ch\/fr\/faits\/"},{"@type":"ListItem","position":3,"name":"Donn\u00e9es de march\u00e9"}]},{"@type":"WebSite","@id":"https:\/\/spiritsuisse.ch\/fr\/#website","url":"https:\/\/spiritsuisse.ch\/fr\/","name":"SPIRITSUISSE","description":"","publisher":{"@id":"https:\/\/spiritsuisse.ch\/fr\/#organization"},"potentialAction":[{"@type":"SearchAction","target":{"@type":"EntryPoint","urlTemplate":"https:\/\/spiritsuisse.ch\/fr\/?s={search_term_string}"},"query-input":{"@type":"PropertyValueSpecification","valueRequired":true,"valueName":"search_term_string"}}],"inLanguage":"fr-FR"},{"@type":"Organization","@id":"https:\/\/spiritsuisse.ch\/fr\/#organization","name":"Dettling & Marmot","url":"https:\/\/spiritsuisse.ch\/fr\/","logo":{"@type":"ImageObject","inLanguage":"fr-FR","@id":"https:\/\/spiritsuisse.ch\/fr\/#\/schema\/logo\/image\/","url":"https:\/\/spiritsuisse.ch\/wp-content\/uploads\/2019\/05\/DettlingMarmot_255x170.png","contentUrl":"https:\/\/spiritsuisse.ch\/wp-content\/uploads\/2019\/05\/DettlingMarmot_255x170.png","width":255,"height":170,"caption":"Dettling & Marmot"},"image":{"@id":"https:\/\/spiritsuisse.ch\/fr\/#\/schema\/logo\/image\/"}}]}},"_links":{"self":[{"href":"https:\/\/spiritsuisse.ch\/fr\/wp-json\/wp\/v2\/pages\/754","targetHints":{"allow":["GET"]}}],"collection":[{"href":"https:\/\/spiritsuisse.ch\/fr\/wp-json\/wp\/v2\/pages"}],"about":[{"href":"https:\/\/spiritsuisse.ch\/fr\/wp-json\/wp\/v2\/types\/page"}],"author":[{"embeddable":true,"href":"https:\/\/spiritsuisse.ch\/fr\/wp-json\/wp\/v2\/users\/1"}],"replies":[{"embeddable":true,"href":"https:\/\/spiritsuisse.ch\/fr\/wp-json\/wp\/v2\/comments?post=754"}],"version-history":[{"count":5,"href":"https:\/\/spiritsuisse.ch\/fr\/wp-json\/wp\/v2\/pages\/754\/revisions"}],"predecessor-version":[{"id":1305,"href":"https:\/\/spiritsuisse.ch\/fr\/wp-json\/wp\/v2\/pages\/754\/revisions\/1305"}],"up":[{"embeddable":true,"href":"https:\/\/spiritsuisse.ch\/fr\/wp-json\/wp\/v2\/pages\/752"}],"wp:attachment":[{"href":"https:\/\/spiritsuisse.ch\/fr\/wp-json\/wp\/v2\/media?parent=754"}],"curies":[{"name":"wp","href":"https:\/\/api.w.org\/{rel}","templated":true}]}}