{"id":1756,"date":"2023-05-08T16:09:08","date_gmt":"2023-05-08T14:09:08","guid":{"rendered":"https:\/\/spiritsuisse.ch\/?page_id=1756"},"modified":"2023-06-05T15:25:10","modified_gmt":"2023-06-05T13:25:10","slug":"engagement","status":"publish","type":"page","link":"https:\/\/spiritsuisse.ch\/fr\/engagement\/","title":{"rendered":"Engagement"},"content":{"rendered":"\n<div style=\"height:25px\" aria-hidden=\"true\" class=\"wp-block-spacer\"><\/div>\n\n\n\n<h2 class=\"wp-block-heading\">Engagement pour une consommation mod\u00e9r\u00e9e<\/h2>\n\n\n\n<p>SPIRITSUISSE et ses membres d\u00e9fendent r\u00e9solument une consommation de boissons alcoolis\u00e9es mod\u00e9r\u00e9e. Dans ce contexte, l\u2019association met l\u2019accent sur les activit\u00e9s suivantes :<\/p>\n\n\n\n<ul class=\"wp-block-list\">\n<li>Formation des professionnels<\/li>\n\n\n\n<li>Sensibilisation des jeunes et des adolescents <\/li>\n\n\n\n<li>Information du grand public <\/li>\n<\/ul>\n\n\n\n<p>Au cours des derni\u00e8res ann\u00e9es, SPIRITSUISSE a pris des engagements concrets :<\/p>\n\n\n\n<p><strong>2018<\/strong><br>Soutien du projet \u00ab Responsible Party \u00bb, une campagne d\u2019information et de sensibilisation pour une consommation d\u2019alcool mod\u00e9r\u00e9e et responsable men\u00e9e aupr\u00e8s des \u00e9tudiants et des jeunes, en collaboration avec Erasmus Student Network (ESN).<\/p>\n\n\n\n<p><strong>\u00e0 partir de 2012<\/strong><br>SPIRITSUISSE d\u00e9veloppe et soutient sa propre application test pour d\u00e9terminer le taux d\u2019alcool.<\/p>\n\n\n\n<p><strong>2005<\/strong><br>\u00c9laboration d\u2019outils d\u2019information et de pr\u00e9vention (DVD, mat\u00e9riel p\u00e9dagogique et de formation) pour les secteurs de la vente et de la restauration.<\/p>\n\n\n\n<p><strong>De 1995 \u00e0 2010<\/strong><br>Mise en \u0153uvre d\u2019une campagne d\u2019information visant une consommation mod\u00e9r\u00e9e d\u2019alcool. Utilisation de moyens publicitaires et d\u2019information ainsi que des renseignements sur les produits (autocollants, collerettes de bouteille) aux points de vente.<\/p>\n\n\n\n<p>Engagement dans \u00ab Educ alcohol \u00bb (de 1999 \u00e0 2001), un projet d\u2019information de GastroSuisse et de diff\u00e9rentes organisations.<\/p>\n\n\n\n<div style=\"height:30px\" aria-hidden=\"true\" class=\"wp-block-spacer\"><\/div>\n\n\n\n<hr class=\"wp-block-separator has-alpha-channel-opacity\"\/>\n\n\n\n<div style=\"height:30px\" aria-hidden=\"true\" class=\"wp-block-spacer\"><\/div>\n\n\n\n<h2 class=\"wp-block-heading\">Vente d&rsquo;alcool aux jeunes<\/h2>\n\n\n\n<p><strong><strong>Mat\u00e9riel d\u2019information et de formation pour les professionnels<\/strong><\/strong><\/p>\n\n\n\n<p>Quatre modules montrent de fa\u00e7on concr\u00e8te comment les professionnels doivent se comporter face \u00e0 des jeunes et adolescents d\u00e9sireux de consommer de l\u2019alcool. Les documents ont \u00e9t\u00e9 \u00e9labor\u00e9s sous l\u2019\u00e9gide de la R\u00e9gie f\u00e9d\u00e9rale des alcools par des repr\u00e9sentants de SPIRITSUISSE, du commerce de d\u00e9tail, de l\u2019h\u00f4tellerie et de la restauration.<\/p>\n\n\n\n<div style=\"height:25px\" aria-hidden=\"true\" class=\"wp-block-spacer\"><\/div>\n\n\n\n<div class=\"wp-block-file\"><a target=\"_blank\" href=\"https:\/\/spiritsuisse.ch\/wp-content\/uploads\/2019\/08\/Remise_d_alcool_Modul1_FR.pdf\" rel=\"noopener noreferrer\">  \u2193 Module 1 : Bases l\u00e9gales et contexte <\/a><\/div>\n\n\n\n<div class=\"wp-block-file\"><a target=\"_blank\" href=\"https:\/\/spiritsuisse.ch\/wp-content\/uploads\/2019\/08\/Remise_d_alcool_Modul2_FR.pdf\" rel=\"noopener noreferrer\">\u2193 Informations destin\u00e9es aux responsables de gestion dans le commerce de d\u00e9tail ou dans l\u2019h\u00f4tellerie et la restauration<\/a><\/div>\n\n\n\n<div class=\"wp-block-file\"><a target=\"_blank\" href=\"https:\/\/spiritsuisse.ch\/wp-content\/uploads\/2019\/08\/Remise_d_alcool_Modul3_FR.pdf\" rel=\"noopener noreferrer\"> \u2193 Informations destin\u00e9es aux personnes travaillant dans le commerce de d\u00e9tail ou dans l\u2019h\u00f4tellerie et la restauration <\/a><\/div>\n\n\n\n<div class=\"wp-block-file\"><a target=\"_blank\" href=\"https:\/\/spiritsuisse.ch\/wp-content\/uploads\/2019\/08\/Remise_d_alcool_Modul4_FR.pdf\" rel=\"noopener noreferrer\"> \u2193 Informations pour personnes en formation<\/a><\/div>\n\n\n\n<div style=\"height:30px\" aria-hidden=\"true\" class=\"wp-block-spacer\"><\/div>\n\n\n\n<hr class=\"wp-block-separator has-text-color has-black-color has-alpha-channel-opacity has-black-background-color has-background\"\/>\n\n\n\n<div style=\"height:30px\" aria-hidden=\"true\" id=\"cfst\" class=\"wp-block-spacer\"><\/div>\n\n\n\n<h2 class=\"wp-block-heading\">CFST &#8211; Solution de branche s\u00e9curit\u00e9 au travail<\/h2>\n\n\n\n<p>La s\u00e9curit\u00e9 au poste de travail est la premi\u00e8re priorit\u00e9 pour chaque entreprise et une obligation pour chaque patron. Afin de satisfaire aux exigences l\u00e9gales, vous pouvez \u00e9tablir un concept individuel, rejoindre une solution de groupe d\u2019entreprises (si votre entreprise fait partie d\u2019un group), reprendre une solution mod\u00e8le (offres d\u2019entreprises conseils) ou adh\u00e9rer \u00e0 une solution de branche certifi\u00e9e. Quoi qu\u2019il en soit \u2013 un concept de s\u00e9curit\u00e9 au travail est obligatoire !<br>La variante clairement la meilleur march\u00e9 est celle de la solution de branche. Pour les entreprises de la branche du vin, du secteur des spiritueux et du commerce de boisson, il existe la solution de branche \u00abvin, spiritueux et commerce de boissons \u2013 WSD\u00bb.<\/p>\n\n\n\n<p><a href=\"https:\/\/www.ascv-vsw.ch\/fr\/actualites\/securite-au-travail.html\" target=\"_blank\" rel=\"noreferrer noopener\">Site web de la solution de branche s\u00e9curit\u00e9 au travail<\/a><\/p>\n\n\n\n<p><a href=\"https:\/\/spiritsuisse.ch\/wp-content\/uploads\/2023\/06\/SWISSDRINK_INSIDE_Februar_2023.pdf\" target=\"_blank\" rel=\"noreferrer noopener\">PDF de l&rsquo;article paru dans le magazine SWISSDRINK INSIDE<\/a><\/p>\n\n\n\n<div style=\"height:30px\" aria-hidden=\"true\" class=\"wp-block-spacer\"><\/div>\n\n\n\n<hr class=\"wp-block-separator has-text-color has-black-color has-alpha-channel-opacity has-black-background-color has-background\"\/>\n\n\n\n<div style=\"height:30px\" aria-hidden=\"true\" class=\"wp-block-spacer\"><\/div>\n\n\n\n<h2 class=\"wp-block-heading\">Campagne \u00ab&nbsp;#Don&rsquo;tDrinkDoMore \u00bb<\/h2>\n\n\n\n<p><\/p>\n\n\n\n<p>La campagne \u00ab&nbsp;#Don&rsquo;tDrinkDoMore&nbsp;\u00bb de Spiritsuisse donne la parole \u00e0 cinq jeunes qui r\u00e9ussissent dans le sport ou en soci\u00e9t\u00e9 gr\u00e2ce \u00e0 leur consommation mod\u00e9r\u00e9e d&rsquo;alcool. La campagne sur TikTok, Snapchat et Instagram s&rsquo;adresse en premier lieu aux jeunes de 13 \u00e0 18 ans et s&rsquo;inscrit dans l&rsquo;engagement de longue date de Spiritsuisse pour la protection de la jeunesse.<\/p>\n\n\n\n<div class=\"wp-block-columns is-layout-flex wp-container-core-columns-is-layout-9d6595d7 wp-block-columns-is-layout-flex\">\n<div class=\"wp-block-column is-layout-flow wp-block-column-is-layout-flow\">\n<iframe loading=\"lazy\" width=\"399\" height=\"709\" src=\"https:\/\/www.youtube.com\/embed\/PX5A_DZIVsU?rel=0\" title=\"Don\u2019tDrinkDoMore - Noemi Nikita\" frameborder=\"0\" allow=\"accelerometer; autoplay; clipboard-write; encrypted-media; gyroscope; picture-in-picture; web-share\" allowfullscreen><\/iframe>\n<\/div>\n\n\n\n<div class=\"wp-block-column is-layout-flow wp-block-column-is-layout-flow\">\n<iframe loading=\"lazy\" width=\"399\" height=\"709\" src=\"https:\/\/www.youtube.com\/embed\/uW2CiMGIeTw?rel=0\" title=\"Don\u2019tDrinkDoMore - Wakesurf\" frameborder=\"0\" allow=\"accelerometer; autoplay; clipboard-write; encrypted-media; gyroscope; picture-in-picture; web-share\" allowfullscreen><\/iframe>\n<\/div>\n\n\n\n<div class=\"wp-block-column is-layout-flow wp-block-column-is-layout-flow\">\n<iframe loading=\"lazy\" width=\"399\" height=\"709\" src=\"https:\/\/www.youtube.com\/embed\/m7abeo_xrFg?rel=0\" title=\"Don\u2019tDrinkDoMore - Dancer\" frameborder=\"0\" allow=\"accelerometer; autoplay; clipboard-write; encrypted-media; gyroscope; picture-in-picture; web-share\" allowfullscreen><\/iframe>\n<\/div>\n<\/div>\n\n\n\n<div class=\"wp-block-columns is-layout-flex wp-container-core-columns-is-layout-9d6595d7 wp-block-columns-is-layout-flex\">\n<div class=\"wp-block-column is-layout-flow wp-block-column-is-layout-flow\">\n<iframe loading=\"lazy\" width=\"399\" height=\"709\" src=\"https:\/\/www.youtube.com\/embed\/MbZdAhepI8c?rel=0\" title=\"\u00abDon\u2019tDrinkDoMore\u00bb - Fussball\" frameborder=\"0\" allow=\"accelerometer; autoplay; clipboard-write; encrypted-media; gyroscope; picture-in-picture; web-share\" allowfullscreen><\/iframe>\n<\/div>\n\n\n\n<div class=\"wp-block-column is-layout-flow wp-block-column-is-layout-flow\">\n<iframe loading=\"lazy\" width=\"399\" height=\"709\" src=\"https:\/\/www.youtube.com\/embed\/2tgbqVX4GNQ?rel=0\" title=\"\u00abDon\u2019tDrinkDoMore\u00bb - Pilot\" frameborder=\"0\" allow=\"accelerometer; autoplay; clipboard-write; encrypted-media; gyroscope; picture-in-picture; web-share\" allowfullscreen><\/iframe>\n<\/div>\n\n\n\n<div class=\"wp-block-column is-layout-flow wp-block-column-is-layout-flow\"><\/div>\n<\/div>\n","protected":false},"excerpt":{"rendered":"<p>Engagement pour une consommation mod\u00e9r\u00e9e SPIRITSUISSE et ses membres d\u00e9fendent r\u00e9solument une consommation de boissons alcoolis\u00e9es mod\u00e9r\u00e9e. Dans ce contexte, l\u2019association met l\u2019accent sur les (&#8230;)<\/p>\n","protected":false},"author":2,"featured_media":0,"parent":0,"menu_order":0,"comment_status":"closed","ping_status":"closed","template":"","meta":{"_acf_changed":false,"_exactmetrics_skip_tracking":false,"_exactmetrics_sitenote_active":false,"_exactmetrics_sitenote_note":"","_exactmetrics_sitenote_category":0,"footnotes":""},"class_list":["post-1756","page","type-page","status-publish","hentry"],"acf":[],"yoast_head":"<!-- This site is optimized with the Yoast SEO plugin v27.4 - https:\/\/yoast.com\/product\/yoast-seo-wordpress\/ -->\n<title>Engagement &#8211; SPIRITSUISSE<\/title>\n<meta name=\"robots\" content=\"index, follow, max-snippet:-1, max-image-preview:large, max-video-preview:-1\" \/>\n<link rel=\"canonical\" href=\"https:\/\/spiritsuisse.ch\/fr\/engagement\/\" \/>\n<meta property=\"og:locale\" content=\"fr_FR\" \/>\n<meta property=\"og:type\" content=\"article\" \/>\n<meta property=\"og:title\" content=\"Engagement &#8211; SPIRITSUISSE\" \/>\n<meta property=\"og:description\" content=\"Engagement pour une consommation mod\u00e9r\u00e9e SPIRITSUISSE et ses membres d\u00e9fendent r\u00e9solument une consommation de boissons alcoolis\u00e9es mod\u00e9r\u00e9e. Dans ce contexte, l\u2019association met l\u2019accent sur les (...)\" \/>\n<meta property=\"og:url\" content=\"https:\/\/spiritsuisse.ch\/fr\/engagement\/\" \/>\n<meta property=\"og:site_name\" content=\"SPIRITSUISSE\" \/>\n<meta property=\"article:modified_time\" content=\"2023-06-05T13:25:10+00:00\" \/>\n<meta name=\"twitter:card\" content=\"summary_large_image\" \/>\n<meta name=\"twitter:label1\" content=\"Dur\u00e9e de lecture estim\u00e9e\" \/>\n\t<meta name=\"twitter:data1\" content=\"3 minutes\" \/>\n<script type=\"application\/ld+json\" class=\"yoast-schema-graph\">{\"@context\":\"https:\\\/\\\/schema.org\",\"@graph\":[{\"@type\":\"WebPage\",\"@id\":\"https:\\\/\\\/spiritsuisse.ch\\\/fr\\\/engagement\\\/\",\"url\":\"https:\\\/\\\/spiritsuisse.ch\\\/fr\\\/engagement\\\/\",\"name\":\"Engagement &#8211; SPIRITSUISSE\",\"isPartOf\":{\"@id\":\"https:\\\/\\\/spiritsuisse.ch\\\/fr\\\/#website\"},\"datePublished\":\"2023-05-08T14:09:08+00:00\",\"dateModified\":\"2023-06-05T13:25:10+00:00\",\"breadcrumb\":{\"@id\":\"https:\\\/\\\/spiritsuisse.ch\\\/fr\\\/engagement\\\/#breadcrumb\"},\"inLanguage\":\"fr-FR\",\"potentialAction\":[{\"@type\":\"ReadAction\",\"target\":[\"https:\\\/\\\/spiritsuisse.ch\\\/fr\\\/engagement\\\/\"]}]},{\"@type\":\"BreadcrumbList\",\"@id\":\"https:\\\/\\\/spiritsuisse.ch\\\/fr\\\/engagement\\\/#breadcrumb\",\"itemListElement\":[{\"@type\":\"ListItem\",\"position\":1,\"name\":\"Startseite\",\"item\":\"https:\\\/\\\/spiritsuisse.ch\\\/fr\\\/\"},{\"@type\":\"ListItem\",\"position\":2,\"name\":\"Engagement\"}]},{\"@type\":\"WebSite\",\"@id\":\"https:\\\/\\\/spiritsuisse.ch\\\/fr\\\/#website\",\"url\":\"https:\\\/\\\/spiritsuisse.ch\\\/fr\\\/\",\"name\":\"SPIRITSUISSE\",\"description\":\"\",\"publisher\":{\"@id\":\"https:\\\/\\\/spiritsuisse.ch\\\/fr\\\/#organization\"},\"potentialAction\":[{\"@type\":\"SearchAction\",\"target\":{\"@type\":\"EntryPoint\",\"urlTemplate\":\"https:\\\/\\\/spiritsuisse.ch\\\/fr\\\/?s={search_term_string}\"},\"query-input\":{\"@type\":\"PropertyValueSpecification\",\"valueRequired\":true,\"valueName\":\"search_term_string\"}}],\"inLanguage\":\"fr-FR\"},{\"@type\":\"Organization\",\"@id\":\"https:\\\/\\\/spiritsuisse.ch\\\/fr\\\/#organization\",\"name\":\"Dettling & Marmot\",\"url\":\"https:\\\/\\\/spiritsuisse.ch\\\/fr\\\/\",\"logo\":{\"@type\":\"ImageObject\",\"inLanguage\":\"fr-FR\",\"@id\":\"https:\\\/\\\/spiritsuisse.ch\\\/fr\\\/#\\\/schema\\\/logo\\\/image\\\/\",\"url\":\"https:\\\/\\\/spiritsuisse.ch\\\/wp-content\\\/uploads\\\/2019\\\/05\\\/DettlingMarmot_255x170.png\",\"contentUrl\":\"https:\\\/\\\/spiritsuisse.ch\\\/wp-content\\\/uploads\\\/2019\\\/05\\\/DettlingMarmot_255x170.png\",\"width\":255,\"height\":170,\"caption\":\"Dettling & Marmot\"},\"image\":{\"@id\":\"https:\\\/\\\/spiritsuisse.ch\\\/fr\\\/#\\\/schema\\\/logo\\\/image\\\/\"}}]}<\/script>\n<!-- \/ Yoast SEO plugin. -->","yoast_head_json":{"title":"Engagement &#8211; SPIRITSUISSE","robots":{"index":"index","follow":"follow","max-snippet":"max-snippet:-1","max-image-preview":"max-image-preview:large","max-video-preview":"max-video-preview:-1"},"canonical":"https:\/\/spiritsuisse.ch\/fr\/engagement\/","og_locale":"fr_FR","og_type":"article","og_title":"Engagement &#8211; SPIRITSUISSE","og_description":"Engagement pour une consommation mod\u00e9r\u00e9e SPIRITSUISSE et ses membres d\u00e9fendent r\u00e9solument une consommation de boissons alcoolis\u00e9es mod\u00e9r\u00e9e. Dans ce contexte, l\u2019association met l\u2019accent sur les (...)","og_url":"https:\/\/spiritsuisse.ch\/fr\/engagement\/","og_site_name":"SPIRITSUISSE","article_modified_time":"2023-06-05T13:25:10+00:00","twitter_card":"summary_large_image","twitter_misc":{"Dur\u00e9e de lecture estim\u00e9e":"3 minutes"},"schema":{"@context":"https:\/\/schema.org","@graph":[{"@type":"WebPage","@id":"https:\/\/spiritsuisse.ch\/fr\/engagement\/","url":"https:\/\/spiritsuisse.ch\/fr\/engagement\/","name":"Engagement &#8211; SPIRITSUISSE","isPartOf":{"@id":"https:\/\/spiritsuisse.ch\/fr\/#website"},"datePublished":"2023-05-08T14:09:08+00:00","dateModified":"2023-06-05T13:25:10+00:00","breadcrumb":{"@id":"https:\/\/spiritsuisse.ch\/fr\/engagement\/#breadcrumb"},"inLanguage":"fr-FR","potentialAction":[{"@type":"ReadAction","target":["https:\/\/spiritsuisse.ch\/fr\/engagement\/"]}]},{"@type":"BreadcrumbList","@id":"https:\/\/spiritsuisse.ch\/fr\/engagement\/#breadcrumb","itemListElement":[{"@type":"ListItem","position":1,"name":"Startseite","item":"https:\/\/spiritsuisse.ch\/fr\/"},{"@type":"ListItem","position":2,"name":"Engagement"}]},{"@type":"WebSite","@id":"https:\/\/spiritsuisse.ch\/fr\/#website","url":"https:\/\/spiritsuisse.ch\/fr\/","name":"SPIRITSUISSE","description":"","publisher":{"@id":"https:\/\/spiritsuisse.ch\/fr\/#organization"},"potentialAction":[{"@type":"SearchAction","target":{"@type":"EntryPoint","urlTemplate":"https:\/\/spiritsuisse.ch\/fr\/?s={search_term_string}"},"query-input":{"@type":"PropertyValueSpecification","valueRequired":true,"valueName":"search_term_string"}}],"inLanguage":"fr-FR"},{"@type":"Organization","@id":"https:\/\/spiritsuisse.ch\/fr\/#organization","name":"Dettling & Marmot","url":"https:\/\/spiritsuisse.ch\/fr\/","logo":{"@type":"ImageObject","inLanguage":"fr-FR","@id":"https:\/\/spiritsuisse.ch\/fr\/#\/schema\/logo\/image\/","url":"https:\/\/spiritsuisse.ch\/wp-content\/uploads\/2019\/05\/DettlingMarmot_255x170.png","contentUrl":"https:\/\/spiritsuisse.ch\/wp-content\/uploads\/2019\/05\/DettlingMarmot_255x170.png","width":255,"height":170,"caption":"Dettling & Marmot"},"image":{"@id":"https:\/\/spiritsuisse.ch\/fr\/#\/schema\/logo\/image\/"}}]}},"_links":{"self":[{"href":"https:\/\/spiritsuisse.ch\/fr\/wp-json\/wp\/v2\/pages\/1756","targetHints":{"allow":["GET"]}}],"collection":[{"href":"https:\/\/spiritsuisse.ch\/fr\/wp-json\/wp\/v2\/pages"}],"about":[{"href":"https:\/\/spiritsuisse.ch\/fr\/wp-json\/wp\/v2\/types\/page"}],"author":[{"embeddable":true,"href":"https:\/\/spiritsuisse.ch\/fr\/wp-json\/wp\/v2\/users\/2"}],"replies":[{"embeddable":true,"href":"https:\/\/spiritsuisse.ch\/fr\/wp-json\/wp\/v2\/comments?post=1756"}],"version-history":[{"count":5,"href":"https:\/\/spiritsuisse.ch\/fr\/wp-json\/wp\/v2\/pages\/1756\/revisions"}],"predecessor-version":[{"id":1811,"href":"https:\/\/spiritsuisse.ch\/fr\/wp-json\/wp\/v2\/pages\/1756\/revisions\/1811"}],"wp:attachment":[{"href":"https:\/\/spiritsuisse.ch\/fr\/wp-json\/wp\/v2\/media?parent=1756"}],"curies":[{"name":"wp","href":"https:\/\/api.w.org\/{rel}","templated":true}]}}