{"id":1482,"date":"2020-04-02T16:16:59","date_gmt":"2020-04-02T14:16:59","guid":{"rendered":"https:\/\/spiritsuisse.ch\/statuten\/"},"modified":"2020-04-03T23:05:17","modified_gmt":"2020-04-03T21:05:17","slug":"statuts","status":"publish","type":"page","link":"https:\/\/spiritsuisse.ch\/fr\/statuts\/","title":{"rendered":"Statuts"},"content":{"rendered":"\n<p> L\u2019association Spiritsuisse a \u00e9t\u00e9 fond\u00e9e le 25 juin 2010.<\/p>\n\n\n\n<p><a href=\"https:\/\/spiritsuisse.ch\/wp-content\/uploads\/2020\/04\/Statuts_SPIRITSUISSE_2020_Fr.pdf\" target=\"_blank\" rel=\"noreferrer noopener\" aria-label=\"\u2193 T\u00e9l\u00e9charger les statuts de SPIRITSUISSE  (\u00f6ffnet in neuem Tab)\">\u2193 T\u00e9l\u00e9charger les statuts de SPIRITSUISSE <\/a><\/p>\n","protected":false},"excerpt":{"rendered":"<p>L\u2019association Spiritsuisse a \u00e9t\u00e9 fond\u00e9e le 25 juin 2010. \u2193 T\u00e9l\u00e9charger les statuts de SPIRITSUISSE<\/p>\n","protected":false},"author":2,"featured_media":0,"parent":0,"menu_order":0,"comment_status":"closed","ping_status":"closed","template":"","meta":{"_acf_changed":false,"_exactmetrics_skip_tracking":false,"_exactmetrics_sitenote_active":false,"_exactmetrics_sitenote_note":"","_exactmetrics_sitenote_category":0,"footnotes":""},"class_list":["post-1482","page","type-page","status-publish","hentry"],"acf":[],"yoast_head":"<!-- This site is optimized with the Yoast SEO plugin v27.4 - https:\/\/yoast.com\/product\/yoast-seo-wordpress\/ -->\n<title>Statuts &#8211; SPIRITSUISSE<\/title>\n<meta name=\"robots\" content=\"index, follow, max-snippet:-1, max-image-preview:large, max-video-preview:-1\" \/>\n<link rel=\"canonical\" href=\"https:\/\/spiritsuisse.ch\/fr\/statuts\/\" \/>\n<meta property=\"og:locale\" content=\"fr_FR\" \/>\n<meta property=\"og:type\" content=\"article\" \/>\n<meta property=\"og:title\" content=\"Statuts &#8211; SPIRITSUISSE\" \/>\n<meta property=\"og:description\" content=\"L\u2019association Spiritsuisse a \u00e9t\u00e9 fond\u00e9e le 25 juin 2010. \u2193 T\u00e9l\u00e9charger les statuts de SPIRITSUISSE\" \/>\n<meta property=\"og:url\" content=\"https:\/\/spiritsuisse.ch\/fr\/statuts\/\" \/>\n<meta property=\"og:site_name\" content=\"SPIRITSUISSE\" \/>\n<meta property=\"article:modified_time\" content=\"2020-04-03T21:05:17+00:00\" \/>\n<meta name=\"twitter:card\" content=\"summary_large_image\" \/>\n<script type=\"application\/ld+json\" class=\"yoast-schema-graph\">{\"@context\":\"https:\\\/\\\/schema.org\",\"@graph\":[{\"@type\":\"WebPage\",\"@id\":\"https:\\\/\\\/spiritsuisse.ch\\\/fr\\\/statuts\\\/\",\"url\":\"https:\\\/\\\/spiritsuisse.ch\\\/fr\\\/statuts\\\/\",\"name\":\"Statuts &#8211; SPIRITSUISSE\",\"isPartOf\":{\"@id\":\"https:\\\/\\\/spiritsuisse.ch\\\/fr\\\/#website\"},\"datePublished\":\"2020-04-02T14:16:59+00:00\",\"dateModified\":\"2020-04-03T21:05:17+00:00\",\"breadcrumb\":{\"@id\":\"https:\\\/\\\/spiritsuisse.ch\\\/fr\\\/statuts\\\/#breadcrumb\"},\"inLanguage\":\"fr-FR\",\"potentialAction\":[{\"@type\":\"ReadAction\",\"target\":[\"https:\\\/\\\/spiritsuisse.ch\\\/fr\\\/statuts\\\/\"]}]},{\"@type\":\"BreadcrumbList\",\"@id\":\"https:\\\/\\\/spiritsuisse.ch\\\/fr\\\/statuts\\\/#breadcrumb\",\"itemListElement\":[{\"@type\":\"ListItem\",\"position\":1,\"name\":\"Startseite\",\"item\":\"https:\\\/\\\/spiritsuisse.ch\\\/fr\\\/\"},{\"@type\":\"ListItem\",\"position\":2,\"name\":\"Statuts\"}]},{\"@type\":\"WebSite\",\"@id\":\"https:\\\/\\\/spiritsuisse.ch\\\/fr\\\/#website\",\"url\":\"https:\\\/\\\/spiritsuisse.ch\\\/fr\\\/\",\"name\":\"SPIRITSUISSE\",\"description\":\"\",\"publisher\":{\"@id\":\"https:\\\/\\\/spiritsuisse.ch\\\/fr\\\/#organization\"},\"potentialAction\":[{\"@type\":\"SearchAction\",\"target\":{\"@type\":\"EntryPoint\",\"urlTemplate\":\"https:\\\/\\\/spiritsuisse.ch\\\/fr\\\/?s={search_term_string}\"},\"query-input\":{\"@type\":\"PropertyValueSpecification\",\"valueRequired\":true,\"valueName\":\"search_term_string\"}}],\"inLanguage\":\"fr-FR\"},{\"@type\":\"Organization\",\"@id\":\"https:\\\/\\\/spiritsuisse.ch\\\/fr\\\/#organization\",\"name\":\"Dettling & Marmot\",\"url\":\"https:\\\/\\\/spiritsuisse.ch\\\/fr\\\/\",\"logo\":{\"@type\":\"ImageObject\",\"inLanguage\":\"fr-FR\",\"@id\":\"https:\\\/\\\/spiritsuisse.ch\\\/fr\\\/#\\\/schema\\\/logo\\\/image\\\/\",\"url\":\"https:\\\/\\\/spiritsuisse.ch\\\/wp-content\\\/uploads\\\/2019\\\/05\\\/DettlingMarmot_255x170.png\",\"contentUrl\":\"https:\\\/\\\/spiritsuisse.ch\\\/wp-content\\\/uploads\\\/2019\\\/05\\\/DettlingMarmot_255x170.png\",\"width\":255,\"height\":170,\"caption\":\"Dettling & Marmot\"},\"image\":{\"@id\":\"https:\\\/\\\/spiritsuisse.ch\\\/fr\\\/#\\\/schema\\\/logo\\\/image\\\/\"}}]}<\/script>\n<!-- \/ Yoast SEO plugin. -->","yoast_head_json":{"title":"Statuts &#8211; SPIRITSUISSE","robots":{"index":"index","follow":"follow","max-snippet":"max-snippet:-1","max-image-preview":"max-image-preview:large","max-video-preview":"max-video-preview:-1"},"canonical":"https:\/\/spiritsuisse.ch\/fr\/statuts\/","og_locale":"fr_FR","og_type":"article","og_title":"Statuts &#8211; SPIRITSUISSE","og_description":"L\u2019association Spiritsuisse a \u00e9t\u00e9 fond\u00e9e le 25 juin 2010. \u2193 T\u00e9l\u00e9charger les statuts de SPIRITSUISSE","og_url":"https:\/\/spiritsuisse.ch\/fr\/statuts\/","og_site_name":"SPIRITSUISSE","article_modified_time":"2020-04-03T21:05:17+00:00","twitter_card":"summary_large_image","schema":{"@context":"https:\/\/schema.org","@graph":[{"@type":"WebPage","@id":"https:\/\/spiritsuisse.ch\/fr\/statuts\/","url":"https:\/\/spiritsuisse.ch\/fr\/statuts\/","name":"Statuts &#8211; SPIRITSUISSE","isPartOf":{"@id":"https:\/\/spiritsuisse.ch\/fr\/#website"},"datePublished":"2020-04-02T14:16:59+00:00","dateModified":"2020-04-03T21:05:17+00:00","breadcrumb":{"@id":"https:\/\/spiritsuisse.ch\/fr\/statuts\/#breadcrumb"},"inLanguage":"fr-FR","potentialAction":[{"@type":"ReadAction","target":["https:\/\/spiritsuisse.ch\/fr\/statuts\/"]}]},{"@type":"BreadcrumbList","@id":"https:\/\/spiritsuisse.ch\/fr\/statuts\/#breadcrumb","itemListElement":[{"@type":"ListItem","position":1,"name":"Startseite","item":"https:\/\/spiritsuisse.ch\/fr\/"},{"@type":"ListItem","position":2,"name":"Statuts"}]},{"@type":"WebSite","@id":"https:\/\/spiritsuisse.ch\/fr\/#website","url":"https:\/\/spiritsuisse.ch\/fr\/","name":"SPIRITSUISSE","description":"","publisher":{"@id":"https:\/\/spiritsuisse.ch\/fr\/#organization"},"potentialAction":[{"@type":"SearchAction","target":{"@type":"EntryPoint","urlTemplate":"https:\/\/spiritsuisse.ch\/fr\/?s={search_term_string}"},"query-input":{"@type":"PropertyValueSpecification","valueRequired":true,"valueName":"search_term_string"}}],"inLanguage":"fr-FR"},{"@type":"Organization","@id":"https:\/\/spiritsuisse.ch\/fr\/#organization","name":"Dettling & Marmot","url":"https:\/\/spiritsuisse.ch\/fr\/","logo":{"@type":"ImageObject","inLanguage":"fr-FR","@id":"https:\/\/spiritsuisse.ch\/fr\/#\/schema\/logo\/image\/","url":"https:\/\/spiritsuisse.ch\/wp-content\/uploads\/2019\/05\/DettlingMarmot_255x170.png","contentUrl":"https:\/\/spiritsuisse.ch\/wp-content\/uploads\/2019\/05\/DettlingMarmot_255x170.png","width":255,"height":170,"caption":"Dettling & Marmot"},"image":{"@id":"https:\/\/spiritsuisse.ch\/fr\/#\/schema\/logo\/image\/"}}]}},"_links":{"self":[{"href":"https:\/\/spiritsuisse.ch\/fr\/wp-json\/wp\/v2\/pages\/1482","targetHints":{"allow":["GET"]}}],"collection":[{"href":"https:\/\/spiritsuisse.ch\/fr\/wp-json\/wp\/v2\/pages"}],"about":[{"href":"https:\/\/spiritsuisse.ch\/fr\/wp-json\/wp\/v2\/types\/page"}],"author":[{"embeddable":true,"href":"https:\/\/spiritsuisse.ch\/fr\/wp-json\/wp\/v2\/users\/2"}],"replies":[{"embeddable":true,"href":"https:\/\/spiritsuisse.ch\/fr\/wp-json\/wp\/v2\/comments?post=1482"}],"version-history":[{"count":5,"href":"https:\/\/spiritsuisse.ch\/fr\/wp-json\/wp\/v2\/pages\/1482\/revisions"}],"predecessor-version":[{"id":1507,"href":"https:\/\/spiritsuisse.ch\/fr\/wp-json\/wp\/v2\/pages\/1482\/revisions\/1507"}],"wp:attachment":[{"href":"https:\/\/spiritsuisse.ch\/fr\/wp-json\/wp\/v2\/media?parent=1482"}],"curies":[{"name":"wp","href":"https:\/\/api.w.org\/{rel}","templated":true}]}}